{"id":126,"date":"2024-10-27T06:19:06","date_gmt":"2024-10-27T06:19:06","guid":{"rendered":"https:\/\/sericrest.co.mz\/?page_id=126"},"modified":"2024-11-26T07:15:33","modified_gmt":"2024-11-26T07:15:33","slug":"sobre","status":"publish","type":"page","link":"https:\/\/sericrest.co.mz\/en\/sobre\/","title":{"rendered":"About"},"content":{"rendered":"<div data-elementor-type=\"wp-page\" data-elementor-id=\"126\" class=\"elementor elementor-126\">\n\t\t\t\t<div class=\"elementor-element elementor-element-1083cfd e-flex e-con-boxed e-con e-parent\" data-id=\"1083cfd\" data-element_type=\"container\" data-settings=\"{&quot;background_background&quot;:&quot;classic&quot;}\">\n\t\t\t\t\t<div class=\"e-con-inner\">\n\t\t\t\t<div class=\"elementor-element elementor-element-72417c1 elementor-headline--style-highlight elementor-widget elementor-widget-animated-headline\" data-id=\"72417c1\" data-element_type=\"widget\" data-settings=\"{&quot;marker&quot;:&quot;double_underline&quot;,&quot;highlighted_text&quot;:&quot;n\\u00f3s&quot;,&quot;headline_style&quot;:&quot;highlight&quot;,&quot;loop&quot;:&quot;yes&quot;,&quot;highlight_animation_duration&quot;:1200,&quot;highlight_iteration_delay&quot;:8000}\" data-widget_type=\"animated-headline.default\">\n\t\t\t\t<div class=\"elementor-widget-container\">\n\t\t\t\t\t\t\t<h3 class=\"elementor-headline\">\n\t\t\t\t\t<span class=\"elementor-headline-plain-text elementor-headline-text-wrapper\">About<\/span>\n\t\t\t\t<span class=\"elementor-headline-dynamic-wrapper elementor-headline-text-wrapper\">\n\t\t\t\t\t<span class=\"elementor-headline-dynamic-text elementor-headline-text-active\">Us<\/span>\n\t\t\t\t<\/span>\n\t\t\t\t<\/h3>\n\t\t\t\t\t\t<\/div>\n\t\t\t\t<\/div>\n\t\t\t\t\t<\/div>\n\t\t\t\t<\/div>\n\t\t<div class=\"elementor-element elementor-element-9e23265 e-flex e-con-boxed e-con e-parent\" data-id=\"9e23265\" data-element_type=\"container\">\n\t\t\t\t\t<div class=\"e-con-inner\">\n\t\t<div class=\"elementor-element elementor-element-a155e52 e-con-full e-flex e-con e-child\" data-id=\"a155e52\" data-element_type=\"container\" data-settings=\"{&quot;background_background&quot;:&quot;classic&quot;}\">\n\t\t\t\t<div class=\"elementor-element elementor-element-fa9064a elementor-widget elementor-widget-text-editor\" data-id=\"fa9064a\" data-element_type=\"widget\" data-widget_type=\"text-editor.default\">\n\t\t\t\t<div class=\"elementor-widget-container\">\n\t\t\t\t\t\t\t\t\t<p>We are a Mozambican company specializing in printing, embroidery, sublimation and personalization of gifts since 1993.<\/p>\t\t\t\t\t\t\t\t<\/div>\n\t\t\t\t<\/div>\n\t\t\t\t<div class=\"elementor-element elementor-element-9c03c25 elementor-widget elementor-widget-text-editor\" data-id=\"9c03c25\" data-element_type=\"widget\" data-widget_type=\"text-editor.default\">\n\t\t\t\t<div class=\"elementor-widget-container\">\n\t\t\t\t\t\t\t\t\t<p>Over the years, we have worked with various institutions and individuals in Mozambique, including agencies, national and multinational companies, hospitals, schools, associations, artists and Mozambican bands. We provide personalized clothing with high-quality printing and embroidery.<br>With our experience and knowledge of manual and automatic printing machines, we guarantee the best quality and most flexible services at highly competitive prices.<\/p>\t\t\t\t\t\t\t\t<\/div>\n\t\t\t\t<\/div>\n\t\t\t\t<div class=\"elementor-element elementor-element-d1f6927 elementor-widget elementor-widget-text-editor\" data-id=\"d1f6927\" data-element_type=\"widget\" data-widget_type=\"text-editor.default\">\n\t\t\t\t<div class=\"elementor-widget-container\">\n\t\t\t\t\t\t\t\t\t<p>We offer printed and embroidered T-shirts, shirts, polos, sweaters, caps, gym clothes and work uniforms.<\/p>\t\t\t\t\t\t\t\t<\/div>\n\t\t\t\t<\/div>\n\t\t\t\t<div class=\"elementor-element elementor-element-643e77d elementor-widget elementor-widget-text-editor\" data-id=\"643e77d\" data-element_type=\"widget\" data-widget_type=\"text-editor.default\">\n\t\t\t\t<div class=\"elementor-widget-container\">\n\t\t\t\t\t\t\t\t\t<p>We also offer a wide range of printing solutions for outdoors and indoors (banners, roll-ups, gazebos, umbrellas, flags). We also produce labels and stickers.<\/p>\t\t\t\t\t\t\t\t<\/div>\n\t\t\t\t<\/div>\n\t\t\t\t<div class=\"elementor-element elementor-element-d8bfe0d elementor-widget elementor-widget-text-editor\" data-id=\"d8bfe0d\" data-element_type=\"widget\" data-widget_type=\"text-editor.default\">\n\t\t\t\t<div class=\"elementor-widget-container\">\n\t\t\t\t\t\t\t\t\t<p>We're here to bring you solutions. We have what you need. Join us!<\/p>\t\t\t\t\t\t\t\t<\/div>\n\t\t\t\t<\/div>\n\t\t\t\t<\/div>\n\t\t<div class=\"elementor-element elementor-element-fe92af8 e-con-full e-flex e-con e-child\" data-id=\"fe92af8\" data-element_type=\"container\">\n\t\t\t\t<div class=\"elementor-element elementor-element-9a97ffd elementor-widget elementor-widget-image\" data-id=\"9a97ffd\" data-element_type=\"widget\" data-widget_type=\"image.default\">\n\t\t\t\t<div class=\"elementor-widget-container\">\n\t\t\t\t\t\t\t\t\t\t\t\t\t\t\t<img fetchpriority=\"high\" decoding=\"async\" width=\"800\" height=\"534\" src=\"https:\/\/sericrest.co.mz\/wp-content\/uploads\/2024\/10\/hyhy-1024x683.png\" class=\"attachment-large size-large wp-image-361\" alt=\"\" srcset=\"https:\/\/sericrest.co.mz\/wp-content\/uploads\/2024\/10\/hyhy-1024x683.png 1024w, https:\/\/sericrest.co.mz\/wp-content\/uploads\/2024\/10\/hyhy-300x200.png 300w, https:\/\/sericrest.co.mz\/wp-content\/uploads\/2024\/10\/hyhy-768x512.png 768w, https:\/\/sericrest.co.mz\/wp-content\/uploads\/2024\/10\/hyhy-600x400.png 600w, https:\/\/sericrest.co.mz\/wp-content\/uploads\/2024\/10\/hyhy.png 1083w\" sizes=\"(max-width: 800px) 100vw, 800px\" \/>\t\t\t\t\t\t\t\t\t\t\t\t\t\t\t<\/div>\n\t\t\t\t<\/div>\n\t\t\t\t<\/div>\n\t\t\t\t\t<\/div>\n\t\t\t\t<\/div>\n\t\t<div class=\"elementor-element elementor-element-7863674 e-flex e-con-boxed e-con e-parent\" data-id=\"7863674\" data-element_type=\"container\">\n\t\t\t\t\t<div class=\"e-con-inner\">\n\t\t<div class=\"elementor-element elementor-element-e09ab8d e-con-full e-flex e-con e-child\" data-id=\"e09ab8d\" data-element_type=\"container\">\n\t\t\t\t<div class=\"elementor-element elementor-element-13cb860 elementor-flip-box--effect-fade elementor-widget elementor-widget-flip-box\" data-id=\"13cb860\" data-element_type=\"widget\" data-widget_type=\"flip-box.default\">\n\t\t\t\t<div class=\"elementor-widget-container\">\n\t\t\t\t\t\t\t<div class=\"elementor-flip-box\">\n\t\t\t<div class=\"elementor-flip-box__layer elementor-flip-box__front\">\n\t\t\t\t<div class=\"elementor-flip-box__layer__overlay\">\n\t\t\t\t\t<div class=\"elementor-flip-box__layer__inner\">\n\t\t\t\t\t\t\t\t\t\t\t\t\t<div class=\"elementor-flip-box__image\">\n\t\t\t\t\t\t\t\t<img decoding=\"async\" width=\"150\" height=\"150\" src=\"https:\/\/sericrest.co.mz\/wp-content\/uploads\/2024\/11\/MISSAO-01-1.png\" class=\"attachment-thumbnail size-thumbnail wp-image-2054\" alt=\"\" srcset=\"https:\/\/sericrest.co.mz\/wp-content\/uploads\/2024\/11\/MISSAO-01-1.png 15749w, https:\/\/sericrest.co.mz\/wp-content\/uploads\/2024\/11\/MISSAO-01-1-300x300.png 300w, https:\/\/sericrest.co.mz\/wp-content\/uploads\/2024\/11\/MISSAO-01-1-1024x1024.png 1024w\" sizes=\"(max-width: 150px) 100vw, 150px\" \/>\t\t\t\t\t\t\t<\/div>\n\t\t\t\t\t\t\n\t\t\t\t\t\t\t\t\t\t\t\t\t<h3 class=\"elementor-flip-box__layer__title\">\n\t\t\t\t\t\t\t\tMISSION\t\t\t\t\t\t\t<\/h3>\n\t\t\t\t\t\t\n\t\t\t\t\t\t\t\t\t\t\t<\/div>\n\t\t\t\t<\/div>\n\t\t\t<\/div>\n\t\t\t<div class=\"elementor-flip-box__layer elementor-flip-box__back\">\n\t\t\t<div class=\"elementor-flip-box__layer__overlay\">\n\t\t\t\t<div class=\"elementor-flip-box__layer__inner\">\n\t\t\t\t\t\n\t\t\t\t\t\t\t\t\t\t\t<div class=\"elementor-flip-box__layer__description\">\n\t\t\t\t\t\t\tDeveloping graphic solutions with excellence, in the shortest possible time and at the best possible cost, maximizing the results for our clients.\t\t\t\t\t\t<\/div>\n\t\t\t\t\t\n\t\t\t\t\t\t\t\t<\/div>\n\t\t<\/div>\n\t\t<\/div>\n\t\t<\/div>\n\t\t\t\t\t\t<\/div>\n\t\t\t\t<\/div>\n\t\t\t\t<\/div>\n\t\t<div class=\"elementor-element elementor-element-2cce5f6 e-con-full e-flex e-con e-child\" data-id=\"2cce5f6\" data-element_type=\"container\">\n\t\t\t\t<div class=\"elementor-element elementor-element-84950e8 elementor-flip-box--effect-fade elementor-widget elementor-widget-flip-box\" data-id=\"84950e8\" data-element_type=\"widget\" data-widget_type=\"flip-box.default\">\n\t\t\t\t<div class=\"elementor-widget-container\">\n\t\t\t\t\t\t\t<div class=\"elementor-flip-box\">\n\t\t\t<div class=\"elementor-flip-box__layer elementor-flip-box__front\">\n\t\t\t\t<div class=\"elementor-flip-box__layer__overlay\">\n\t\t\t\t\t<div class=\"elementor-flip-box__layer__inner\">\n\t\t\t\t\t\t\t\t\t\t\t\t\t<div class=\"elementor-flip-box__image\">\n\t\t\t\t\t\t\t\t<img decoding=\"async\" width=\"150\" height=\"150\" src=\"https:\/\/sericrest.co.mz\/wp-content\/uploads\/2024\/11\/VISAO-01.png\" class=\"attachment-thumbnail size-thumbnail wp-image-2064\" alt=\"\" \/>\t\t\t\t\t\t\t<\/div>\n\t\t\t\t\t\t\n\t\t\t\t\t\t\t\t\t\t\t\t\t<h3 class=\"elementor-flip-box__layer__title\">\n\t\t\t\t\t\t\t\tVISION\t\t\t\t\t\t\t<\/h3>\n\t\t\t\t\t\t\n\t\t\t\t\t\t\t\t\t\t\t<\/div>\n\t\t\t\t<\/div>\n\t\t\t<\/div>\n\t\t\t<div class=\"elementor-flip-box__layer elementor-flip-box__back\">\n\t\t\t<div class=\"elementor-flip-box__layer__overlay\">\n\t\t\t\t<div class=\"elementor-flip-box__layer__inner\">\n\t\t\t\t\t\n\t\t\t\t\t\t\t\t\t\t\t<div class=\"elementor-flip-box__layer__description\">\n\t\t\t\t\t\t\t- Productivity: We are organized, efficient and dynamic when optimizing\nresults.<\/p>\n- Sustainability: We respect the environment as much as possible.<\/p>\n- Personality service: We don't just sell, we advise and\nguide the customer. We seek long-term loyalty.<\/p>\n- Design: We adapt and optimize client designs. We take care of and\nour company's corporate identity.<\/p>\n- Proximity: We customize our products in our own factory.\t\t\t\t\t\t<\/div>\n\t\t\t\t\t\n\t\t\t\t\t\t\t\t<\/div>\n\t\t<\/div>\n\t\t<\/div>\n\t\t<\/div>\n\t\t\t\t\t\t<\/div>\n\t\t\t\t<\/div>\n\t\t\t\t<\/div>\n\t\t<div class=\"elementor-element elementor-element-0adee30 e-con-full e-flex e-con e-child\" data-id=\"0adee30\" data-element_type=\"container\">\n\t\t\t\t<div class=\"elementor-element elementor-element-584e633 elementor-flip-box--effect-fade elementor-widget elementor-widget-flip-box\" data-id=\"584e633\" data-element_type=\"widget\" data-widget_type=\"flip-box.default\">\n\t\t\t\t<div class=\"elementor-widget-container\">\n\t\t\t\t\t\t\t<div class=\"elementor-flip-box\">\n\t\t\t<div class=\"elementor-flip-box__layer elementor-flip-box__front\">\n\t\t\t\t<div class=\"elementor-flip-box__layer__overlay\">\n\t\t\t\t\t<div class=\"elementor-flip-box__layer__inner\">\n\t\t\t\t\t\t\t\t\t\t\t\t\t<div class=\"elementor-flip-box__image\">\n\t\t\t\t\t\t\t\t<img loading=\"lazy\" decoding=\"async\" width=\"150\" height=\"150\" src=\"https:\/\/sericrest.co.mz\/wp-content\/uploads\/2024\/11\/VALORES-01.png\" class=\"attachment-thumbnail size-thumbnail wp-image-2057\" alt=\"\" \/>\t\t\t\t\t\t\t<\/div>\n\t\t\t\t\t\t\n\t\t\t\t\t\t\t\t\t\t\t\t\t<h3 class=\"elementor-flip-box__layer__title\">\n\t\t\t\t\t\t\t\tVALUES\t\t\t\t\t\t\t<\/h3>\n\t\t\t\t\t\t\n\t\t\t\t\t\t\t\t\t\t\t<\/div>\n\t\t\t\t<\/div>\n\t\t\t<\/div>\n\t\t\t<div class=\"elementor-flip-box__layer elementor-flip-box__back\">\n\t\t\t<div class=\"elementor-flip-box__layer__overlay\">\n\t\t\t\t<div class=\"elementor-flip-box__layer__inner\">\n\t\t\t\t\t\n\t\t\t\t\t\t\t\t\t\t\t<div class=\"elementor-flip-box__layer__description\">\n\t\t\t\t\t\t\tSynergy <\/p>\nCommitment and professionalism<\/p>\nInnovation<\/p>\nConfidence\t\t\t\t\t\t<\/div>\n\t\t\t\t\t\n\t\t\t\t\t\t\t\t<\/div>\n\t\t<\/div>\n\t\t<\/div>\n\t\t<\/div>\n\t\t\t\t\t\t<\/div>\n\t\t\t\t<\/div>\n\t\t\t\t<\/div>\n\t\t\t\t\t<\/div>\n\t\t\t\t<\/div>\n\t\t<div class=\"elementor-element elementor-element-7998504 e-flex e-con-boxed e-con e-parent\" data-id=\"7998504\" data-element_type=\"container\" data-settings=\"{&quot;background_background&quot;:&quot;classic&quot;}\">\n\t\t\t\t\t<div class=\"e-con-inner\">\n\t\t<div class=\"elementor-element elementor-element-4351194 e-con-full e-flex e-con e-child\" data-id=\"4351194\" data-element_type=\"container\">\n\t\t\t\t<div class=\"elementor-element elementor-element-71baa14 animated-fast elementor-invisible elementor-widget elementor-widget-heading\" data-id=\"71baa14\" data-element_type=\"widget\" data-settings=\"{&quot;_animation&quot;:&quot;fadeIn&quot;}\" data-widget_type=\"heading.default\">\n\t\t\t\t<div class=\"elementor-widget-container\">\n\t\t\t\t\t<h2 class=\"elementor-heading-title elementor-size-default\">Tradition and Innovation in Printing<\/h2>\t\t\t\t<\/div>\n\t\t\t\t<\/div>\n\t\t\t\t<div class=\"elementor-element elementor-element-37b3fb3 elementor-widget elementor-widget-text-editor\" data-id=\"37b3fb3\" data-element_type=\"widget\" data-widget_type=\"text-editor.default\">\n\t\t\t\t<div class=\"elementor-widget-container\">\n\t\t\t\t\t\t\t\t\t<p>With modern equipment and an experienced team, we guarantee high-quality results on every project.<\/p>\t\t\t\t\t\t\t\t<\/div>\n\t\t\t\t<\/div>\n\t\t<div class=\"elementor-element elementor-element-732d5e7 e-con-full e-flex e-con e-child\" data-id=\"732d5e7\" data-element_type=\"container\">\n\t\t\t\t<div class=\"elementor-element elementor-element-4232b51 elementor-mobile-align-justify elementor-tablet-align-center elementor-align-center elementor-widget elementor-widget-button\" data-id=\"4232b51\" data-element_type=\"widget\" data-widget_type=\"button.default\">\n\t\t\t\t<div class=\"elementor-widget-container\">\n\t\t\t\t\t\t\t\t\t<div class=\"elementor-button-wrapper\">\n\t\t\t\t\t<a class=\"elementor-button elementor-button-link elementor-size-sm\" href=\"https:\/\/sericrest.co.mz\/en\/servicos\/\">\n\t\t\t\t\t\t<span class=\"elementor-button-content-wrapper\">\n\t\t\t\t\t\t<span class=\"elementor-button-icon\">\n\t\t\t\t<svg aria-hidden=\"true\" class=\"e-font-icon-svg e-fas-fingerprint\" viewbox=\"0 0 512 512\" xmlns=\"http:\/\/www.w3.org\/2000\/svg\"><path d=\"M256.12 245.96c-13.25 0-24 10.74-24 24 1.14 72.25-8.14 141.9-27.7 211.55-2.73 9.72 2.15 30.49 23.12 30.49 10.48 0 20.11-6.92 23.09-17.52 13.53-47.91 31.04-125.41 29.48-224.52.01-13.25-10.73-24-23.99-24zm-.86-81.73C194 164.16 151.25 211.3 152.1 265.32c.75 47.94-3.75 95.91-13.37 142.55-2.69 12.98 5.67 25.69 18.64 28.36 13.05 2.67 25.67-5.66 28.36-18.64 10.34-50.09 15.17-101.58 14.37-153.02-.41-25.95 19.92-52.49 54.45-52.34 31.31.47 57.15 25.34 57.62 55.47.77 48.05-2.81 96.33-10.61 143.55-2.17 13.06 6.69 25.42 19.76 27.58 19.97 3.33 26.81-15.1 27.58-19.77 8.28-50.03 12.06-101.21 11.27-152.11-.88-55.8-47.94-101.88-104.91-102.72zm-110.69-19.78c-10.3-8.34-25.37-6.8-33.76 3.48-25.62 31.5-39.39 71.28-38.75 112 .59 37.58-2.47 75.27-9.11 112.05-2.34 13.05 6.31 25.53 19.36 27.89 20.11 3.5 27.07-14.81 27.89-19.36 7.19-39.84 10.5-80.66 9.86-121.33-.47-29.88 9.2-57.88 28-80.97 8.35-10.28 6.79-25.39-3.49-33.76zm109.47-62.33c-15.41-.41-30.87 1.44-45.78 4.97-12.89 3.06-20.87 15.98-17.83 28.89 3.06 12.89 16 20.83 28.89 17.83 11.05-2.61 22.47-3.77 34-3.69 75.43 1.13 137.73 61.5 138.88 134.58.59 37.88-1.28 76.11-5.58 113.63-1.5 13.17 7.95 25.08 21.11 26.58 16.72 1.95 25.51-11.88 26.58-21.11a929.06 929.06 0 0 0 5.89-119.85c-1.56-98.75-85.07-180.33-186.16-181.83zm252.07 121.45c-2.86-12.92-15.51-21.2-28.61-18.27-12.94 2.86-21.12 15.66-18.26 28.61 4.71 21.41 4.91 37.41 4.7 61.6-.11 13.27 10.55 24.09 23.8 24.2h.2c13.17 0 23.89-10.61 24-23.8.18-22.18.4-44.11-5.83-72.34zm-40.12-90.72C417.29 43.46 337.6 1.29 252.81.02 183.02-.82 118.47 24.91 70.46 72.94 24.09 119.37-.9 181.04.14 246.65l-.12 21.47c-.39 13.25 10.03 24.31 23.28 24.69.23.02.48.02.72.02 12.92 0 23.59-10.3 23.97-23.3l.16-23.64c-.83-52.5 19.16-101.86 56.28-139 38.76-38.8 91.34-59.67 147.68-58.86 69.45 1.03 134.73 35.56 174.62 92.39 7.61 10.86 22.56 13.45 33.42 5.86 10.84-7.62 13.46-22.59 5.84-33.43z\"><\/path><\/svg>\t\t\t<\/span>\n\t\t\t\t\t\t\t\t\t<span class=\"elementor-button-text\">OUR SERVICES<\/span>\n\t\t\t\t\t<\/span>\n\t\t\t\t\t<\/a>\n\t\t\t\t<\/div>\n\t\t\t\t\t\t\t\t<\/div>\n\t\t\t\t<\/div>\n\t\t\t\t<div class=\"elementor-element elementor-element-88e076f elementor-mobile-align-justify elementor-align-center elementor-tablet-align-center elementor-widget elementor-widget-button\" data-id=\"88e076f\" data-element_type=\"widget\" data-widget_type=\"button.default\">\n\t\t\t\t<div class=\"elementor-widget-container\">\n\t\t\t\t\t\t\t\t\t<div class=\"elementor-button-wrapper\">\n\t\t\t\t\t<a class=\"elementor-button elementor-button-link elementor-size-sm\" href=\"https:\/\/sericrest.co.mz\/en\/contactos\/\">\n\t\t\t\t\t\t<span class=\"elementor-button-content-wrapper\">\n\t\t\t\t\t\t<span class=\"elementor-button-icon\">\n\t\t\t\t<svg aria-hidden=\"true\" class=\"e-font-icon-svg e-far-comments\" viewbox=\"0 0 576 512\" xmlns=\"http:\/\/www.w3.org\/2000\/svg\"><path d=\"M532 386.2c27.5-27.1 44-61.1 44-98.2 0-80-76.5-146.1-176.2-157.9C368.3 72.5 294.3 32 208 32 93.1 32 0 103.6 0 192c0 37 16.5 71 44 98.2-15.3 30.7-37.3 54.5-37.7 54.9-6.3 6.7-8.1 16.5-4.4 25 3.6 8.5 12 14 21.2 14 53.5 0 96.7-20.2 125.2-38.8 9.2 2.1 18.7 3.7 28.4 4.9C208.1 407.6 281.8 448 368 448c20.8 0 40.8-2.4 59.8-6.8C456.3 459.7 499.4 480 553 480c9.2 0 17.5-5.5 21.2-14 3.6-8.5 1.9-18.3-4.4-25-.4-.3-22.5-24.1-37.8-54.8zm-392.8-92.3L122.1 305c-14.1 9.1-28.5 16.3-43.1 21.4 2.7-4.7 5.4-9.7 8-14.8l15.5-31.1L77.7 256C64.2 242.6 48 220.7 48 192c0-60.7 73.3-112 160-112s160 51.3 160 112-73.3 112-160 112c-16.5 0-33-1.9-49-5.6l-19.8-4.5zM498.3 352l-24.7 24.4 15.5 31.1c2.6 5.1 5.3 10.1 8 14.8-14.6-5.1-29-12.3-43.1-21.4l-17.1-11.1-19.9 4.6c-16 3.7-32.5 5.6-49 5.6-54 0-102.2-20.1-131.3-49.7C338 339.5 416 272.9 416 192c0-3.4-.4-6.7-.7-10C479.7 196.5 528 238.8 528 288c0 28.7-16.2 50.6-29.7 64z\"><\/path><\/svg>\t\t\t<\/span>\n\t\t\t\t\t\t\t\t\t<span class=\"elementor-button-text\">Contact us<\/span>\n\t\t\t\t\t<\/span>\n\t\t\t\t\t<\/a>\n\t\t\t\t<\/div>\n\t\t\t\t\t\t\t\t<\/div>\n\t\t\t\t<\/div>\n\t\t\t\t<\/div>\n\t\t\t\t<\/div>\n\t\t\t\t\t<\/div>\n\t\t\t\t<\/div>\n\t\t<div class=\"elementor-element elementor-element-f9fdc13 e-flex e-con-boxed e-con e-parent\" data-id=\"f9fdc13\" data-element_type=\"container\">\n\t\t\t\t\t<div class=\"e-con-inner\">\n\t\t\t\t<div class=\"elementor-element elementor-element-d9cfd86 animated-fast elementor-invisible elementor-widget elementor-widget-heading\" data-id=\"d9cfd86\" data-element_type=\"widget\" data-settings=\"{&quot;_animation&quot;:&quot;fadeIn&quot;}\" data-widget_type=\"heading.default\">\n\t\t\t\t<div class=\"elementor-widget-container\">\n\t\t\t\t\t<h2 class=\"elementor-heading-title elementor-size-default\">OUR BRANDS<\/h2>\t\t\t\t<\/div>\n\t\t\t\t<\/div>\n\t\t\t\t<div class=\"elementor-element elementor-element-584a70f elementor-widget elementor-widget-text-editor\" data-id=\"584a70f\" data-element_type=\"widget\" data-widget_type=\"text-editor.default\">\n\t\t\t\t<div class=\"elementor-widget-container\">\n\t\t\t\t\t\t\t\t\t<p>We work with the best suppliers to guarantee excellence in the materials and equipment used in our processes.<\/p>\t\t\t\t\t\t\t\t<\/div>\n\t\t\t\t<\/div>\n\t\t\t\t\t<\/div>\n\t\t\t\t<\/div>\n\t\t<div class=\"elementor-element elementor-element-340c7b8 e-flex e-con-boxed e-con e-parent\" data-id=\"340c7b8\" data-element_type=\"container\">\n\t\t\t\t\t<div class=\"e-con-inner\">\n\t\t<div class=\"elementor-element elementor-element-01420a1 e-con-full e-flex e-con e-child\" data-id=\"01420a1\" data-element_type=\"container\">\n\t\t<div class=\"elementor-element elementor-element-20f8882 e-con-full e-flex e-con e-child\" data-id=\"20f8882\" data-element_type=\"container\">\n\t\t\t\t<div class=\"elementor-element elementor-element-7ee9d4b elementor-widget elementor-widget-image\" data-id=\"7ee9d4b\" data-element_type=\"widget\" data-widget_type=\"image.default\">\n\t\t\t\t<div class=\"elementor-widget-container\">\n\t\t\t\t\t\t\t\t\t\t\t\t\t\t\t<img loading=\"lazy\" decoding=\"async\" width=\"800\" height=\"773\" src=\"https:\/\/sericrest.co.mz\/wp-content\/uploads\/2024\/11\/VIVA-01-1024x990.png\" class=\"attachment-large size-large wp-image-2231\" alt=\"\" srcset=\"https:\/\/sericrest.co.mz\/wp-content\/uploads\/2024\/11\/VIVA-01-1024x990.png 1024w, https:\/\/sericrest.co.mz\/wp-content\/uploads\/2024\/11\/VIVA-01-300x290.png 300w\" sizes=\"(max-width: 800px) 100vw, 800px\" \/>\t\t\t\t\t\t\t\t\t\t\t\t\t\t\t<\/div>\n\t\t\t\t<\/div>\n\t\t\t\t<\/div>\n\t\t<div class=\"elementor-element elementor-element-2a048ce e-con-full e-flex e-con e-child\" data-id=\"2a048ce\" data-element_type=\"container\">\n\t\t\t\t<div class=\"elementor-element elementor-element-45dad02 elementor-widget elementor-widget-image\" data-id=\"45dad02\" data-element_type=\"widget\" data-widget_type=\"image.default\">\n\t\t\t\t<div class=\"elementor-widget-container\">\n\t\t\t\t\t\t\t\t\t\t\t\t\t\t\t<img loading=\"lazy\" decoding=\"async\" width=\"800\" height=\"380\" src=\"https:\/\/sericrest.co.mz\/wp-content\/uploads\/2024\/11\/T-EURO-01-1-1024x487.png\" class=\"attachment-large size-large wp-image-2230\" alt=\"\" srcset=\"https:\/\/sericrest.co.mz\/wp-content\/uploads\/2024\/11\/T-EURO-01-1-1024x487.png 1024w, https:\/\/sericrest.co.mz\/wp-content\/uploads\/2024\/11\/T-EURO-01-1-300x143.png 300w, https:\/\/sericrest.co.mz\/wp-content\/uploads\/2024\/11\/T-EURO-01-1-768x365.png 768w, https:\/\/sericrest.co.mz\/wp-content\/uploads\/2024\/11\/T-EURO-01-1-1536x731.png 1536w, https:\/\/sericrest.co.mz\/wp-content\/uploads\/2024\/11\/T-EURO-01-1-2048x974.png 2048w, https:\/\/sericrest.co.mz\/wp-content\/uploads\/2024\/11\/T-EURO-01-1-18x9.png 18w\" sizes=\"(max-width: 800px) 100vw, 800px\" \/>\t\t\t\t\t\t\t\t\t\t\t\t\t\t\t<\/div>\n\t\t\t\t<\/div>\n\t\t\t\t<\/div>\n\t\t<div class=\"elementor-element elementor-element-c615615 e-con-full e-flex e-con e-child\" data-id=\"c615615\" data-element_type=\"container\">\n\t\t\t\t<div class=\"elementor-element elementor-element-021a1d0 elementor-widget elementor-widget-image\" data-id=\"021a1d0\" data-element_type=\"widget\" data-widget_type=\"image.default\">\n\t\t\t\t<div class=\"elementor-widget-container\">\n\t\t\t\t\t\t\t\t\t\t\t\t\t\t\t<img loading=\"lazy\" decoding=\"async\" width=\"800\" height=\"361\" src=\"https:\/\/sericrest.co.mz\/wp-content\/uploads\/2024\/11\/UTS-01-1-1024x462.png\" class=\"attachment-large size-large wp-image-2229\" alt=\"\" srcset=\"https:\/\/sericrest.co.mz\/wp-content\/uploads\/2024\/11\/UTS-01-1-1024x462.png 1024w, https:\/\/sericrest.co.mz\/wp-content\/uploads\/2024\/11\/UTS-01-1-300x135.png 300w, https:\/\/sericrest.co.mz\/wp-content\/uploads\/2024\/11\/UTS-01-1-768x347.png 768w, https:\/\/sericrest.co.mz\/wp-content\/uploads\/2024\/11\/UTS-01-1-1536x693.png 1536w, https:\/\/sericrest.co.mz\/wp-content\/uploads\/2024\/11\/UTS-01-1-2048x924.png 2048w, https:\/\/sericrest.co.mz\/wp-content\/uploads\/2024\/11\/UTS-01-1-18x8.png 18w\" sizes=\"(max-width: 800px) 100vw, 800px\" \/>\t\t\t\t\t\t\t\t\t\t\t\t\t\t\t<\/div>\n\t\t\t\t<\/div>\n\t\t\t\t<\/div>\n\t\t\t\t<\/div>\n\t\t<div class=\"elementor-element elementor-element-38fceff e-con-full e-flex e-con e-child\" data-id=\"38fceff\" data-element_type=\"container\">\n\t\t<div class=\"elementor-element elementor-element-e31ccfb e-con-full e-flex e-con e-child\" data-id=\"e31ccfb\" data-element_type=\"container\">\n\t\t\t\t<div class=\"elementor-element elementor-element-72fda55 elementor-widget elementor-widget-image\" data-id=\"72fda55\" data-element_type=\"widget\" data-widget_type=\"image.default\">\n\t\t\t\t<div class=\"elementor-widget-container\">\n\t\t\t\t\t\t\t\t\t\t\t\t\t\t\t<img loading=\"lazy\" decoding=\"async\" width=\"800\" height=\"614\" src=\"https:\/\/sericrest.co.mz\/wp-content\/uploads\/2024\/11\/EEZY-01.png\" class=\"attachment-large size-large wp-image-2011\" alt=\"\" \/>\t\t\t\t\t\t\t\t\t\t\t\t\t\t\t<\/div>\n\t\t\t\t<\/div>\n\t\t\t\t<\/div>\n\t\t<div class=\"elementor-element elementor-element-0c111d3 e-con-full e-flex e-con e-child\" data-id=\"0c111d3\" data-element_type=\"container\">\n\t\t\t\t<div class=\"elementor-element elementor-element-43f4747 elementor-widget elementor-widget-image\" data-id=\"43f4747\" data-element_type=\"widget\" data-widget_type=\"image.default\">\n\t\t\t\t<div class=\"elementor-widget-container\">\n\t\t\t\t\t\t\t\t\t\t\t\t\t\t\t<img loading=\"lazy\" decoding=\"async\" width=\"800\" height=\"197\" src=\"https:\/\/sericrest.co.mz\/wp-content\/uploads\/2024\/11\/PATSONS-01.png\" class=\"attachment-large size-large wp-image-1997\" alt=\"\" \/>\t\t\t\t\t\t\t\t\t\t\t\t\t\t\t<\/div>\n\t\t\t\t<\/div>\n\t\t\t\t<\/div>\n\t\t<div class=\"elementor-element elementor-element-de22991 e-con-full e-flex e-con e-child\" data-id=\"de22991\" data-element_type=\"container\">\n\t\t\t\t<div class=\"elementor-element elementor-element-fdf7db4 elementor-widget elementor-widget-image\" data-id=\"fdf7db4\" data-element_type=\"widget\" data-widget_type=\"image.default\">\n\t\t\t\t<div class=\"elementor-widget-container\">\n\t\t\t\t\t\t\t\t\t\t\t\t\t\t\t<img loading=\"lazy\" decoding=\"async\" width=\"800\" height=\"812\" src=\"https:\/\/sericrest.co.mz\/wp-content\/uploads\/2024\/11\/PICCOLO-01.png\" class=\"attachment-large size-large wp-image-2337\" alt=\"\" \/>\t\t\t\t\t\t\t\t\t\t\t\t\t\t\t<\/div>\n\t\t\t\t<\/div>\n\t\t\t\t<\/div>\n\t\t\t\t<\/div>\n\t\t\t\t\t<\/div>\n\t\t\t\t<\/div>\n\t\t\t\t<\/div>","protected":false},"excerpt":{"rendered":"<p>Sobre n\u00f3s Somos uma empresa mo\u00e7ambicana especializada em impress\u00e3o, bordados, sublima\u00e7\u00e3o e personaliza\u00e7\u00e3o de brindes desde 1993. Ao longo dos anos, trabalhamos com diversas institui\u00e7\u00f5es e entidades singulares em Mo\u00e7ambique, incluindo ag\u00eancias, empresas nacionais e multinacionais, hospitais, escolas, associa\u00e7\u00f5es, artistas e bandas mo\u00e7ambicanas. Fornecemos vestu\u00e1rio personalizado com impress\u00e3o e bordados de alta qualidade.Com a nossa [&hellip;]<\/p>","protected":false},"author":2,"featured_media":0,"parent":0,"menu_order":0,"comment_status":"closed","ping_status":"closed","template":"","meta":{"footnotes":""},"class_list":["post-126","page","type-page","status-publish","hentry"],"_links":{"self":[{"href":"https:\/\/sericrest.co.mz\/en\/wp-json\/wp\/v2\/pages\/126","targetHints":{"allow":["GET"]}}],"collection":[{"href":"https:\/\/sericrest.co.mz\/en\/wp-json\/wp\/v2\/pages"}],"about":[{"href":"https:\/\/sericrest.co.mz\/en\/wp-json\/wp\/v2\/types\/page"}],"author":[{"embeddable":true,"href":"https:\/\/sericrest.co.mz\/en\/wp-json\/wp\/v2\/users\/2"}],"replies":[{"embeddable":true,"href":"https:\/\/sericrest.co.mz\/en\/wp-json\/wp\/v2\/comments?post=126"}],"version-history":[{"count":0,"href":"https:\/\/sericrest.co.mz\/en\/wp-json\/wp\/v2\/pages\/126\/revisions"}],"wp:attachment":[{"href":"https:\/\/sericrest.co.mz\/en\/wp-json\/wp\/v2\/media?parent=126"}],"curies":[{"name":"wp","href":"https:\/\/api.w.org\/{rel}","templated":true}]}}